{"id":3,"date":"2021-11-02T19:48:24","date_gmt":"2021-11-02T19:48:24","guid":{"rendered":"http:\/\/gemmiblick.com\/?page_id=3"},"modified":"2026-03-14T13:50:38","modified_gmt":"2026-03-14T12:50:38","slug":"privacy-policy","status":"publish","type":"page","link":"https:\/\/www.gemmiblick.com\/en\/privacy-policy","title":{"rendered":"Legal Notice"},"content":{"rendered":"<p><strong>Vacation Apartment Gemmiblick<\/strong><br \/>Klibenstrasse 10,<br \/>3954 Leukerbad<br \/>Switzerland<\/p>\n<p><strong>Operator of the site<\/strong><br \/>Oliver Kraus<br \/>Kiefernstrasse 16<br \/>85716 Unterschleissheim, Deutschland<\/p>\n<p>Phone: +49 179 1028667<br \/>Email: info@gemmiblick.com<br \/>Internet: www.gemmiblick.com<\/p>\n\n\n<p><strong>Responsible for content in accordance with Section 6 TDG: Oliver Kraus<\/strong><\/p>\n\n\n<h2><span style=\"text-decoration: underline;\"><strong>Use of the website<\/strong><\/span><\/h2>\n<ul id=\"block-6dcb28bb-cee0-43b9-b309-6d1fb1d979fd\" class=\"block-editor-rich-text__editable block-editor-block-list__block wp-block is-selected wp-block-list rich-text\" style=\"list-style-type: square;\" tabindex=\"0\" role=\"group\" contenteditable=\"true\" aria-multiline=\"true\" aria-label=\"Block: Liste\" data-block=\"6dcb28bb-cee0-43b9-b309-6d1fb1d979fd\" data-type=\"core\/list\" data-title=\"Liste\">\n<li>The information on this website is provided by Oliver Kraus. All of these publications are purely informational in nature. No legal obligations or corresponding claims can be derived from or asserted based on the use of this information.<\/li>\n<\/ul>\n<ul id=\"block-6dcb28bb-cee0-43b9-b309-6d1fb1d979fd\" class=\"block-editor-rich-text__editable block-editor-block-list__block wp-block is-selected wp-block-list rich-text\" style=\"list-style-type: square;\" tabindex=\"0\" role=\"group\" contenteditable=\"true\" aria-multiline=\"true\" aria-label=\"Block: Liste\" data-block=\"6dcb28bb-cee0-43b9-b309-6d1fb1d979fd\" data-type=\"core\/list\" data-title=\"Liste\">\n<li>Data can be changed or deleted at any time. Information is updated on an ongoing basis. However, in certain cases, it may not be published at exactly the same time as it becomes effective. This may apply to the occupancy schedule, for example. Furthermore, data from external providers regarding events, train and bus schedules, flight schedules, admission prices and conditions, opening hours, etc. are also affected. Legal texts, addresses, and information from third parties, etc. are also subject to this circumstance. In any case, the user must obtain the binding information from the relevant providers.<\/li>\n<\/ul>\n<ul id=\"block-6dcb28bb-cee0-43b9-b309-6d1fb1d979fd\" class=\"block-editor-rich-text__editable block-editor-block-list__block wp-block is-selected wp-block-list rich-text\" style=\"list-style-type: square;\" tabindex=\"0\" role=\"group\" contenteditable=\"true\" aria-multiline=\"true\" aria-label=\"Block: Liste\" data-block=\"6dcb28bb-cee0-43b9-b309-6d1fb1d979fd\" data-type=\"core\/list\" data-title=\"Liste\">\n<li>The use of the website for the exchange of information between interested parties\/customers\/guests and myself (Oliver Kraus = landlord) is free without restriction. Any further use of the data beyond this scope is welcome, but requires our written consent. Without such consent, we may at any time prohibit use at the user's expense or seek a court injunction.<\/li>\n<\/ul>\n<ul id=\"block-6dcb28bb-cee0-43b9-b309-6d1fb1d979fd\" class=\"block-editor-rich-text__editable block-editor-block-list__block wp-block is-selected wp-block-list rich-text\" style=\"list-style-type: square;\" tabindex=\"0\" role=\"group\" contenteditable=\"true\" aria-multiline=\"true\" aria-label=\"Block: Liste\" data-block=\"6dcb28bb-cee0-43b9-b309-6d1fb1d979fd\" data-type=\"core\/list\" data-title=\"Liste\">\n<li>We do not endorse the content of external websites or links on this website and are not liable for them. The content of such linked websites and posts is the sole responsibility of the respective operator and\/or author.<\/li>\n<\/ul>\n<ul id=\"block-6dcb28bb-cee0-43b9-b309-6d1fb1d979fd\" class=\"block-editor-rich-text__editable block-editor-block-list__block wp-block is-selected wp-block-list rich-text\" style=\"list-style-type: square;\" tabindex=\"0\" role=\"group\" contenteditable=\"true\" aria-multiline=\"true\" aria-label=\"Block: Liste\" data-block=\"6dcb28bb-cee0-43b9-b309-6d1fb1d979fd\" data-type=\"core\/list\" data-title=\"Liste\">\n<li>Copyright \u2013 The content, images, and works on these pages are subject to German copyright law. Contributions from third parties are clearly marked as such. The content of these websites may not be copied, distributed, modified, or made accessible to third parties for commercial purposes. The reproduction, editing, distribution, and any kind of use in electronic or printed publications outside the limits of copyright law require the written consent of Oliver Kraus or the respective author or creator \u2013 Image material: gemmiblick.com Oliver Kraus<\/li>\n<\/ul>\n<p>SOURCE INFORMATION FOR THE IMAGES AND GRAPHICS USED:<\/p>\n<p><a style=\"font-size: 1.125rem;\" href=\"https:\/\/pixabay.com\/de\" target=\"_blank\" rel=\"noopener\">pixabay.com\u00a0<\/a><\/p>\n<p><a style=\"font-size: 1rem;\" href=\"http:\/\/www.gemmi.ch\" target=\"_blank\" rel=\"noopener\">gemmi.ch<\/a><\/p>\n<p><a style=\"font-size: revert;\" href=\"http:\/\/www.bergfex.ch\" target=\"_blank\" rel=\"noopener\">bergfex.ch<\/a><\/p>\n<p><a href=\"http:\/\/www.leukerbad.ch\" target=\"_blank\" rel=\"noopener\">leukerbad.ch<\/a><\/p>\n<ol id=\"block-6dcb28bb-cee0-43b9-b309-6d1fb1d979fd\" class=\"block-editor-rich-text__editable block-editor-block-list__block wp-block is-selected wp-block-list rich-text\" tabindex=\"0\" role=\"group\" contenteditable=\"true\" aria-multiline=\"true\" aria-label=\"Block: Liste\" data-block=\"6dcb28bb-cee0-43b9-b309-6d1fb1d979fd\" data-type=\"core\/list\" data-title=\"Liste\"><\/ol>","protected":false},"excerpt":{"rendered":"<p>Ferienwohnung GemmiblickKlibenstrasse 10,3954 LeukerbadSchweiz Betreiber der SeiteOliver KrausKiefernstrasse 1685716 Unterschleissheim, Deutschland Tel.: +49 179 1028667Email: info@gemmiblick.comInternet: www.gemmiblick.com Verantwortlich f\u00fcr den Inhalt gem\u00e4\u00df Paragraph 6 TDG: Oliver Kraus Nutzung der Website Die Informationen in dieser Webseite werden bereitgestellt durch Oliver Kraus. S\u00e4mtliche dieser Publikationen besitzen in allen Teilen rein informellen Charakter. Eine Rechtsverbindlichkeit und entsprechende -Anspr\u00fcche &hellip; <\/p>\n<p class=\"link-more\"><a href=\"https:\/\/www.gemmiblick.com\/en\/privacy-policy\" class=\"more-link\">Read more<span class=\"screen-reader-text\"> &#8222;Impressum&#8220;<\/span><\/a><\/p>","protected":false},"author":1,"featured_media":0,"parent":0,"menu_order":0,"comment_status":"closed","ping_status":"open","template":"","meta":{"inline_featured_image":false,"inspiro_hide_title":false,"footnotes":""},"class_list":["post-3","page","type-page","status-publish","hentry"],"featured_media_urls":[],"_links":{"self":[{"href":"https:\/\/www.gemmiblick.com\/en\/wp-json\/wp\/v2\/pages\/3","targetHints":{"allow":["GET"]}}],"collection":[{"href":"https:\/\/www.gemmiblick.com\/en\/wp-json\/wp\/v2\/pages"}],"about":[{"href":"https:\/\/www.gemmiblick.com\/en\/wp-json\/wp\/v2\/types\/page"}],"author":[{"embeddable":true,"href":"https:\/\/www.gemmiblick.com\/en\/wp-json\/wp\/v2\/users\/1"}],"replies":[{"embeddable":true,"href":"https:\/\/www.gemmiblick.com\/en\/wp-json\/wp\/v2\/comments?post=3"}],"version-history":[{"count":22,"href":"https:\/\/www.gemmiblick.com\/en\/wp-json\/wp\/v2\/pages\/3\/revisions"}],"predecessor-version":[{"id":1933,"href":"https:\/\/www.gemmiblick.com\/en\/wp-json\/wp\/v2\/pages\/3\/revisions\/1933"}],"wp:attachment":[{"href":"https:\/\/www.gemmiblick.com\/en\/wp-json\/wp\/v2\/media?parent=3"}],"curies":[{"name":"wp","href":"https:\/\/api.w.org\/{rel}","templated":true}]}}