{"id":2,"date":"2021-11-02T19:48:24","date_gmt":"2021-11-02T19:48:24","guid":{"rendered":"http:\/\/gemmiblick.com\/?page_id=2"},"modified":"2025-11-18T20:22:12","modified_gmt":"2025-11-18T19:22:12","slug":"sample-page","status":"publish","type":"page","link":"https:\/\/www.gemmiblick.com\/en\/sample-page","title":{"rendered":"Booking"},"content":{"rendered":"<h2 class=\"wp-block-heading\">You can view the current occupancy via the calendar.<\/h2>\n\n\n<p>For booking inquiries, please send an email stating your arrival and departure dates and the number of people to <a href=\"mailto:info@gemmiblick.com\">info@gemmiblick.com<\/a><\/p>\n\n<div class=\"wpzoom-blocks wpzoom-blocks_portfolio-block wpzoom-portfolio-block-69ec7d952fb46 use-lightbox layout-list columns-1 post_type-portfolio_item ajax-load-items wp-block-wpzoom-blocks-portfolio\" data-offset=\"6\" data-load-more='{\"categories\":[],\"class\":\"wpzoom-blocks_portfolio-block\",\"layout\":\"list\",\"lightbox\":true,\"lightbox_caption\":false,\"order\":\"desc\",\"order_by\":\"menu_order date\",\"per_page\":6,\"read_more_label\":\"Buchen\",\"show_author\":false,\"show_background_video\":true,\"show_date\":false,\"show_excerpt\":true,\"show_read_more\":true,\"show_thumbnail\":true,\"show_title\":false,\"source\":\"portfolio_item\",\"thumbnail_size\":\"portfolio_item-thumbnail\",\"total\":2}'><ul class=\"wpzoom-blocks wpzoom-blocks_portfolio-block_items-list\"><li class='wpzoom-blocks_portfolio-block_item wpzoom-blocks_portfolio-block_item-1244 wpzoom-blocks_portfolio-block_category-11 has-cover'  data-category='11'><article class='wpzoom-blocks_portfolio-block_item-wrap portfolio_item'><div class='wpzoom-blocks_portfolio-block_item-thumbnail'>\n\t\t\t\t\t\t<div class='wpzoom-blocks_portfolio-block_item-media'>\n\t\t\t\t\t\t\t<a href='https:\/\/www.gemmiblick.com\/en\/project\/apartment-3' title='Apartment 3' rel='bookmark'><img fetchpriority=\"high\" decoding=\"async\" width=\"600\" height=\"400\" src=\"https:\/\/www.gemmiblick.com\/wp-content\/uploads\/2024\/06\/IMG_9877-scaled-600x400.jpeg\" class=\"attachment-portfolio_item-thumbnail size-portfolio_item-thumbnail wp-post-image\" alt=\"Einbau K\u00fcche mit grossem Esstisch\" srcset=\"https:\/\/www.gemmiblick.com\/wp-content\/uploads\/2024\/06\/IMG_9877-scaled-600x400.jpeg 600w, https:\/\/www.gemmiblick.com\/wp-content\/uploads\/2024\/06\/IMG_9877-scaled-1200x800.jpeg 1200w\" sizes=\"100vw\" \/><\/a>\n\t\t\t\t\t\t<\/div><div class=\"portfolio-block-entry-thumbnail-popover-content\" data-show-caption=\"\"><a class=\"mfp-image portfolio-block-popup-video popup_image_icon\" href=\"https:\/\/www.gemmiblick.com\/wp-content\/uploads\/2024\/06\/IMG_9877-scaled.jpeg\" aria-label=\"Apartment 3\"><span class='wpzoom-blocks_portfolio-block_lightbox_icon'>\n\t\t\t\t\t\t\t\t\t\t<svg enable-background='new 0 0 32 32' id='Layer_4' version='1.1' viewbox='0 0 32 32' xml:space='preserve' xmlns='http:\/\/www.w3.org\/2000\/svg' xmlns:xlink='http:\/\/www.w3.org\/1999\/xlink'>\n\t\t\t\t\t\t\t\t\t\t\t<g>\n\t\t\t\t\t\t\t\t\t\t\t\t<rect fill='none' height='30' stroke='#fff' stroke-linejoin='round' stroke-miterlimit='10' stroke-width='2' transform='matrix(6.123234e-17 -1 1 6.123234e-17 0 32)' width='30' x='1' y='1'\/>\n\t\t\t\t\t\t\t\t\t\t\t\t\t<line fill='none' stroke='#fff' stroke-linejoin='round' stroke-miterlimit='10' stroke-width='2' x1='27' x2='5' y1='5' y2='27'\/><polyline fill='none' points='16,27 5,27 5,16' stroke='#fff' stroke-linejoin='round' stroke-miterlimit='10' stroke-width='2'\/>\n\t\t\t\t\t\t\t\t\t\t\t\t\t<polyline fill='none' points='16,5 27,5 27,16' stroke='#fff' stroke-linejoin='round' stroke-miterlimit='10' stroke-width='2'\/>\n\t\t\t\t\t\t\t\t\t\t\t<\/g>\n\t\t\t\t\t\t\t\t\t\t<\/svg>\n\t\t\t\t\t\t\t\t\t<\/span><\/a><span class=\"portfolio_item-title\" style=\"display: none;\"><a href=\"https:\/\/www.gemmiblick.com\/en\/project\/apartment-3\" title=\"Apartment 3\">Apartment 3<\/a><\/span><\/div><\/div><div class='wpzoom-blocks_portfolio-block_item-details'><h3 class='wpzoom-blocks_portfolio-block_item-title'><a href='https:\/\/www.gemmiblick.com\/en\/project\/apartment-3' title='Apartment 3' rel='bookmark'>Apartment 3<\/a><\/h3><div class='wpzoom-blocks_portfolio-block_item-content'>Apartment for 4 people with two single beds, separate sofa bed, large kitchen, 32 m\u00b2 living space + 8 m\u00b2 sunny balcony, underground parking<\/div><div class='wpzoom-blocks_portfolio-block_item-readmore-button'>\n\t\t\t\t\t\t\t<a href='https:\/\/www.gemmiblick.com\/en\/project\/apartment-3' title='Continue reading this post...' class='wpz-portfolio-button__link'>Book<\/a>\n\t\t\t\t\t\t<\/div><\/div><\/article><\/li><li class='wpzoom-blocks_portfolio-block_item wpzoom-blocks_portfolio-block_item-1246 wpzoom-blocks_portfolio-block_category-11 has-cover'  data-category='11'><article class='wpzoom-blocks_portfolio-block_item-wrap portfolio_item'><div class='wpzoom-blocks_portfolio-block_item-thumbnail'>\n\t\t\t\t\t\t<div class='wpzoom-blocks_portfolio-block_item-media'>\n\t\t\t\t\t\t\t<a href='https:\/\/www.gemmiblick.com\/en\/project\/apartment-4' title='Apartment 4' rel='bookmark'><img decoding=\"async\" width=\"600\" height=\"400\" src=\"https:\/\/www.gemmiblick.com\/wp-content\/uploads\/2025\/11\/IMG_1431-600x400.jpg\" class=\"attachment-portfolio_item-thumbnail size-portfolio_item-thumbnail wp-post-image\" alt=\"\" srcset=\"https:\/\/www.gemmiblick.com\/wp-content\/uploads\/2025\/11\/IMG_1431-600x400.jpg 600w, https:\/\/www.gemmiblick.com\/wp-content\/uploads\/2025\/11\/IMG_1431-1200x800.jpg 1200w, https:\/\/www.gemmiblick.com\/wp-content\/uploads\/2025\/11\/IMG_1431-scaled-16x12.jpg 16w\" sizes=\"100vw\" \/><\/a>\n\t\t\t\t\t\t<\/div><div class=\"portfolio-block-entry-thumbnail-popover-content\" data-show-caption=\"\"><a class=\"mfp-image portfolio-block-popup-video popup_image_icon\" href=\"https:\/\/www.gemmiblick.com\/wp-content\/uploads\/2025\/11\/IMG_1431-scaled.jpg\" aria-label=\"Apartment 4\"><span class='wpzoom-blocks_portfolio-block_lightbox_icon'>\n\t\t\t\t\t\t\t\t\t\t<svg enable-background='new 0 0 32 32' id='Layer_4' version='1.1' viewbox='0 0 32 32' xml:space='preserve' xmlns='http:\/\/www.w3.org\/2000\/svg' xmlns:xlink='http:\/\/www.w3.org\/1999\/xlink'>\n\t\t\t\t\t\t\t\t\t\t\t<g>\n\t\t\t\t\t\t\t\t\t\t\t\t<rect fill='none' height='30' stroke='#fff' stroke-linejoin='round' stroke-miterlimit='10' stroke-width='2' transform='matrix(6.123234e-17 -1 1 6.123234e-17 0 32)' width='30' x='1' y='1'\/>\n\t\t\t\t\t\t\t\t\t\t\t\t\t<line fill='none' stroke='#fff' stroke-linejoin='round' stroke-miterlimit='10' stroke-width='2' x1='27' x2='5' y1='5' y2='27'\/><polyline fill='none' points='16,27 5,27 5,16' stroke='#fff' stroke-linejoin='round' stroke-miterlimit='10' stroke-width='2'\/>\n\t\t\t\t\t\t\t\t\t\t\t\t\t<polyline fill='none' points='16,5 27,5 27,16' stroke='#fff' stroke-linejoin='round' stroke-miterlimit='10' stroke-width='2'\/>\n\t\t\t\t\t\t\t\t\t\t\t<\/g>\n\t\t\t\t\t\t\t\t\t\t<\/svg>\n\t\t\t\t\t\t\t\t\t<\/span><\/a><span class=\"portfolio_item-title\" style=\"display: none;\"><a href=\"https:\/\/www.gemmiblick.com\/en\/project\/apartment-4\" title=\"Apartment 4\">Apartment 4<\/a><\/span><\/div><\/div><div class='wpzoom-blocks_portfolio-block_item-details'><h3 class='wpzoom-blocks_portfolio-block_item-title'><a href='https:\/\/www.gemmiblick.com\/en\/project\/apartment-4' title='Apartment 4' rel='bookmark'>Apartment 4<\/a><\/h3><div class='wpzoom-blocks_portfolio-block_item-content'>Apartment for 4 people with large double bed, separate sofa bed, large kitchen, 35 m\u00b2 living space + 12 m\u00b2 sunny balcony, underground parking<\/div><div class='wpzoom-blocks_portfolio-block_item-readmore-button'>\n\t\t\t\t\t\t\t<a href='https:\/\/www.gemmiblick.com\/en\/project\/apartment-4' title='Continue reading this post...' class='wpz-portfolio-button__link'>Book<\/a>\n\t\t\t\t\t\t<\/div><\/div><\/article><\/li><li class=\"wpzoom-preloader-container\"><div class=\"wpzoom-portfolio-preloader\"><svg  width=\"75\" version=\"1.1\" id=\"L4\" xmlns=\"http:\/\/www.w3.org\/2000\/svg\" xmlns:xlink=\"http:\/\/www.w3.org\/1999\/xlink\" x=\"0px\" y=\"0px\" viewbox=\"0 0 100 100\" enable-background=\"new 0 0 0 0\" xml:space=\"preserve\">\n\t\t  <circle fill=\"#000\" stroke=\"none\" cx=\"6\" cy=\"50\" r=\"6\"><animate attributename=\"opacity\" dur=\"1s\" values=\"0;1;0\" repeatcount=\"indefinite\" begin=\"0.1\"\/><\/circle>\n\t\t  <circle fill=\"#000\" stroke=\"none\" cx=\"26\" cy=\"50\" r=\"6\"><animate attributename=\"opacity\" dur=\"1s\" values=\"0;1;0\" repeatcount=\"indefinite\" begin=\"0.2\"\/><\/circle>\n\t\t  <circle fill=\"#000\" stroke=\"none\" cx=\"46\" cy=\"50\" r=\"6\"><animate attributename=\"opacity\" dur=\"1s\" values=\"0;1;0\" repeatcount=\"indefinite\" begin=\"0.3\"\/><\/circle>\n\t\t<\/svg><\/div><\/li><\/ul><\/div><!--.wpzoom-blocks wpzoom-blocks_portfolio-block--><style>.wpzoom-blocks_portfolio-block.wpzoom-portfolio-block-69ec7d952fb46 {}.wpzoom-blocks_portfolio-block.wpzoom-portfolio-block-69ec7d952fb46 { color:#000}.wpzoom-blocks_portfolio-block.wpzoom-portfolio-block-69ec7d952fb46 .wpzoom-blocks_portfolio-block_filter ul li a,\n\t\t\t.wpzoom-blocks_portfolio-block.wpzoom-portfolio-block-69ec7d952fb46.layout-list .wpzoom-blocks_portfolio-block_items-list .wpzoom-blocks_portfolio-block_item .wpzoom-blocks_portfolio-block_item-title a {\n\t\t\t\tcolor:#000;\n\t\t\t}.wpzoom-blocks_portfolio-block.wpzoom-portfolio-block-69ec7d952fb46 .wpzoom-blocks_portfolio-block_filter ul li a:hover,\n\t\t\t\t.wpzoom-blocks_portfolio-block.wpzoom-portfolio-block-69ec7d952fb46 .wpzoom-blocks_portfolio-block_filter ul li.current-cat a:hover,\n\t\t\t\t.wpzoom-blocks_portfolio-.wpzoom-portfolio-block-69ec7d952fb46.layout-list .wpzoom-blocks_portfolio-block_items-list .wpzoom-blocks_portfolio-block_item .wpzoom-blocks_portfolio-block_item-title a:hover {\n\t\t\t\t\tcolor:#0BB4AA;\n\t\t\t\t}.wpzoom-blocks_portfolio-block.wpzoom-portfolio-block-69ec7d952fb46 .wpzoom-blocks_portfolio-block_filter ul li.current-cat a { color:#0BB4AA; }.wpzoom-blocks_portfolio-block.wpzoom-portfolio-block-69ec7d952fb46 .wpzoom-blocks_portfolio-block_filter ul li a {font-weight: 400 !important;letter-spacing: 1px;}.wpzoom-blocks_portfolio-block.wpzoom-portfolio-block-69ec7d952fb46 .wpzoom-blocks_portfolio-block_item-details .wpzoom-blocks_portfolio-block_item-title a {line-height: 1.2;font-weight: 500 !important;letter-spacing: 1px;}.wpzoom-blocks_portfolio-block.wpzoom-portfolio-block-69ec7d952fb46 .wpz-portfolio-button__link {letter-spacing: 1px;border-style:solid;border-width:0px;}<\/style>","protected":false},"excerpt":{"rendered":"<p>\u00dcber den Kalender k\u00f6nnen Sie die aktuelle Belegung einsehen F\u00fcr Buchungsanfragen schicken Sie bitte eine Mail mit Angabe der An-und Abreise und Anzahl der\u00a0 Personen an info@gemmiblick.com<\/p>","protected":false},"author":1,"featured_media":0,"parent":0,"menu_order":0,"comment_status":"closed","ping_status":"open","template":"","meta":{"inline_featured_image":false,"inspiro_hide_title":false,"footnotes":""},"class_list":["post-2","page","type-page","status-publish","hentry"],"featured_media_urls":[],"_links":{"self":[{"href":"https:\/\/www.gemmiblick.com\/en\/wp-json\/wp\/v2\/pages\/2","targetHints":{"allow":["GET"]}}],"collection":[{"href":"https:\/\/www.gemmiblick.com\/en\/wp-json\/wp\/v2\/pages"}],"about":[{"href":"https:\/\/www.gemmiblick.com\/en\/wp-json\/wp\/v2\/types\/page"}],"author":[{"embeddable":true,"href":"https:\/\/www.gemmiblick.com\/en\/wp-json\/wp\/v2\/users\/1"}],"replies":[{"embeddable":true,"href":"https:\/\/www.gemmiblick.com\/en\/wp-json\/wp\/v2\/comments?post=2"}],"version-history":[{"count":57,"href":"https:\/\/www.gemmiblick.com\/en\/wp-json\/wp\/v2\/pages\/2\/revisions"}],"predecessor-version":[{"id":1598,"href":"https:\/\/www.gemmiblick.com\/en\/wp-json\/wp\/v2\/pages\/2\/revisions\/1598"}],"wp:attachment":[{"href":"https:\/\/www.gemmiblick.com\/en\/wp-json\/wp\/v2\/media?parent=2"}],"curies":[{"name":"wp","href":"https:\/\/api.w.org\/{rel}","templated":true}]}}